{"id":13,"date":"2014-10-29T12:13:28","date_gmt":"2014-10-29T11:13:28","guid":{"rendered":"http:\/\/katstudio.eu\/?page_id=13"},"modified":"2025-10-23T14:55:58","modified_gmt":"2025-10-23T13:55:58","slug":"zasady","status":"publish","type":"page","link":"https:\/\/katstudio.eu\/?page_id=13","title":{"rendered":"Zasady"},"content":{"rendered":"\t\t<div data-elementor-type=\"wp-page\" data-elementor-id=\"13\" class=\"elementor elementor-13\" data-elementor-post-type=\"page\">\n\t\t\t\t<div class=\"elementor-element elementor-element-01dca2d e-flex e-con-boxed e-con e-parent\" data-id=\"01dca2d\" data-element_type=\"container\">\n\t\t\t\t\t<div class=\"e-con-inner\">\n\t\t\t\t<div class=\"elementor-element elementor-element-c96871b elementor-invisible elementor-widget elementor-widget-heading\" data-id=\"c96871b\" data-element_type=\"widget\" data-settings=\"{&quot;motion_fx_motion_fx_scrolling&quot;:&quot;yes&quot;,&quot;_animation&quot;:&quot;bounceIn&quot;,&quot;motion_fx_devices&quot;:[&quot;desktop&quot;,&quot;tablet&quot;,&quot;mobile&quot;]}\" data-widget_type=\"heading.default\">\n\t\t\t\t\t<h2 class=\"elementor-heading-title elementor-size-default\">Regulamin studia<\/h2>\t\t\t\t<\/div>\n\t\t\t\t\t<\/div>\n\t\t\t\t<\/div>\n\t\t<div class=\"elementor-element elementor-element-80fc6ef e-flex e-con-boxed e-con e-parent\" data-id=\"80fc6ef\" data-element_type=\"container\">\n\t\t\t\t\t<div class=\"e-con-inner\">\n\t\t\t\t<div class=\"elementor-element elementor-element-d060a3c elementor-widget elementor-widget-text-editor\" data-id=\"d060a3c\" data-element_type=\"widget\" data-widget_type=\"text-editor.default\">\n\t\t\t\t\t\t\t\t\t<ol><li><span style=\"font-size: 21px;\">Klient zobowi\u0105zany jest do zapoznania si\u0119 z tre\u015bci\u0105 regulaminu.<\/span><\/li><li><span style=\"font-size: 21px;\">Zastrzegamy sobie prawa autorskie do wykonywanych zdj\u0119\u0107, projekt\u00f3w i tatua\u017cy.<\/span><\/li><li><span style=\"font-size: 21px;\">W Pracowni Tatua\u017cu Artystycznego Kattattoo obowi\u0105zuje ca\u0142kowity zakaz palenia tytoniu oraz spo\u017cywania napoj\u00f3w alkoholowych i innych u\u017cywek.<\/span><\/li><li><span style=\"font-size: 21px;\">W Pracowni Kattattoo obowi\u0105zuje bezwzgl\u0119dny zakaz dotykania przedmiot\u00f3w s\u0142u\u017c\u0105cych do wykonywania tatua\u017cu oraz materia\u0142\u00f3w pomocniczych. Nie przestrzeganie zalece\u0144 grozi trwa\u0142\u0105 utrat\u0105 zdrowia.<\/span><\/li><li><span style=\"font-size: 21px;\">Cena ka\u017cdego wzoru ustalana jest indywidualnie i zale\u017cy od wielko\u015bci oraz stopnia skomplikowania projektu.<\/span><\/li><li><span style=\"font-size: 21px;\">Wst\u0119pnej rezerwacji terminu tatuowania mo\u017cna dokona\u0107 telefonicznie: 604788828, mailowo: kattattoo@icloud.com, poprzez komunikator facebooka lub osobi\u015bcie w studiu.<\/span><\/li><li><span style=\"font-size: 21px;\">Po dokonaniu wst\u0119pnej rezerwacji, nale\u017cy potwierdzi\u0107 j\u0105, poprzez dokonanie op\u0142aty za zarezerwowanie terminu (op\u0142ata ta jest wliczona w koszt wykonania tatua\u017cu). Op\u0142aty mo\u017cna dokona\u0107 osobi\u015bcie w studiu lub przelewem na konto, kt\u00f3rego numer mo\u017cna uzyska\u0107 drog\u0105 mailow\u0105. <\/span><\/li><li><strong><span style=\"font-size: 21px;\">Op\u0142at\u0119 za zarezerwowanie terminu nale\u017cy wp\u0142aci\u0107 w ci\u0105gu 5 dni roboczych od dnia rezerwacji terminu. Rezerwacja terminu nie potwierdzona wp\u0142at\u0105 zadatku nie jest dla nas wi\u0105\u017c\u0105ca.<\/span><\/strong><\/li><li><span style=\"font-size: 21px;\">W przypadku tatua\u017cy wielosesyjnych, wp\u0142acony zadatek zostanie odliczony z ostatniej sesji.<\/span><\/li><li><span style=\"font-size: 21px;\">Dokonanie op\u0142aty za zarezerwowanie terminu jest r\u00f3wnoznaczne z akceptacj\u0105 regulaminu Pracowni Tatua\u017cu Artystycznego Kattattoo.<\/span><\/li><li><span style=\"font-size: 21px;\">Przed ustalonym terminem wykonania tatua\u017cu osoba zainteresowana zobowi\u0105zana jest do przybycia do studia na konsultacje. Konsultacje maj\u0105 na celu ustalenie wzoru, planu jego rozmieszczenia, rozmiaru, kolorystyki, doboru innych element\u00f3w tatua\u017cu oraz przygotowania si\u0119 do zabiegu.<\/span><\/li><li><strong><span style=\"font-size: 21px;\"> Projekty przygotowujemy najwcze\u015bniej 3 dni przed ustalonym terminem wykonania tatua\u017cu.<\/span><\/strong><\/li><li><span style=\"font-size: 21px;\">W sesj\u0119 wliczony jest czas, kt\u00f3ry tatuator po\u015bwi\u0119ca na przygotowanie i odbicie projektu lub dopasowanie go oraz przygotowanie stanowiska i Klienta do tatuowania.<\/span><\/li><li><strong><span style=\"font-size: 21px;\">Nie przybycie w wyznaczonym terminie lub brak powiadomienia o rezygnacji na min. 5 dni roboczych przed terminem wykonania tatua\u017cu jest jednoznaczne z utrat\u0105 dokonanej op\u0142aty za zarezerwowanie terminu.Zarezerwowanie nowego terminu, wymaga ponownego jego potwierdzenia poprzez ponowne uiszczenie op\u0142aty za zarezerwowanie terminu.<\/span><\/strong><\/li><li><span style=\"font-size: 21px;\">Tatuator zastrzega sobie prawo do zmiany rezerwowanego przez klienta terminu. W przypadku braku jego akceptacji, propozycji nowego mo\u017cliwego terminu tatuowania, klient mo\u017ce ubiega\u0107 si\u0119 o zwrot \u00a0wniesionej na rzecz studia op\u0142aty za rezerwacje terminu.<\/span><\/li><li><span style=\"font-size: 21px;\">Wykonujemy zabiegi tylko osobom pe\u0142noletnim a w przypadku niepe\u0142noletno\u015bci wymagamy osobistej wizyty jednego z rodzic\u00f3w i jego zgody na pi\u015bmie. W \u017cadnym wypadku nie wykonujemy tatua\u017cy osobom poni\u017cej 16 roku \u017cycia.<\/span><\/li><li><span style=\"font-size: 21px;\">Nie wykonujemy zabieg\u00f3w osobom b\u0119d\u0105cym pod wp\u0142ywem alkoholu i \u015brodk\u00f3w odurzaj\u0105cych.<\/span><\/li><li><span style=\"font-size: 21px;\">Nie ponosimy odpowiedzialno\u015bci za spos\u00f3b zachowania si\u0119 barwnik\u00f3w na ciele.<\/span><\/li><li><span style=\"font-size: 21px;\">Po zabiegu informujemy o zasadach piel\u0119gnacji tatua\u017cu zar\u00f3wno w czasie gojenia jak i w p\u00f3\u017aniejszych latach.<\/span><\/li><li><span style=\"font-size: 21px;\">Nie ponosimy odpowiedzialno\u015bci za nie przestrzeganie zasad piel\u0119gnacji po wykonanym zabiegu.<\/span><\/li><li><span style=\"font-size: 21px;\">Nie ponosimy odpowiedzialno\u015bci za wyst\u0105pienie ewentualnych zmian sk\u00f3rnych mog\u0105cych wyst\u0105pi\u0107 po zabiegu.<\/span><\/li><li><span style=\"font-size: 21px;\">Mo\u017cemy odm\u00f3wi\u0107 wykonania tatua\u017cu je\u017celi uznamy \u017ce zabieg zagra\u017ca naszemu zdrowiu lub wz\u00f3r tatua\u017cu k\u0142\u00f3ci si\u0119 z naszymi pogl\u0105dami.<\/span><\/li><li><span style=\"font-size: 21px;\">Mo\u017cemy przerwa\u0107 wykonanie zabiegu w przypadku stwierdzenia pogorszenia si\u0119 samopoczucia Klienta lub wyst\u0105pienia zmian w strukturze sk\u00f3ry.<\/span><\/li><li><span style=\"color: #ff0000;\"><em><strong><span style=\"font-size: 21px;\">Proces wykonania tatua\u017cu jest zabiegiem nieodwracalnym. Przed przyst\u0105pieniem do zabiegu prosimy o rozwag\u0119.<\/span><\/strong><\/em><\/span><\/li><\/ol>\t\t\t\t\t\t\t\t<\/div>\n\t\t\t\t\t<\/div>\n\t\t\t\t<\/div>\n\t\t\t\t<\/div>\n\t\t","protected":false},"excerpt":{"rendered":"<p>Regulamin studia Klient zobowi\u0105zany jest do zapoznania si\u0119 z tre\u015bci\u0105 regulaminu. Zastrzegamy sobie prawa autorskie do wykonywanych zdj\u0119\u0107, projekt\u00f3w i tatua\u017cy. W Pracowni Tatua\u017cu Artystycznego Kattattoo obowi\u0105zuje ca\u0142kowity zakaz palenia tytoniu oraz spo\u017cywania napoj\u00f3w alkoholowych i innych u\u017cywek. W Pracowni Kattattoo obowi\u0105zuje bezwzgl\u0119dny zakaz dotykania przedmiot\u00f3w s\u0142u\u017c\u0105cych do wykonywania tatua\u017cu oraz materia\u0142\u00f3w pomocniczych. Nie przestrzeganie [&hellip;]<\/p>\n","protected":false},"author":1,"featured_media":389,"parent":0,"menu_order":0,"comment_status":"closed","ping_status":"open","template":"","meta":{"content-type":"","ocean_post_layout":"","ocean_both_sidebars_style":"","ocean_both_sidebars_content_width":0,"ocean_both_sidebars_sidebars_width":0,"ocean_sidebar":"","ocean_second_sidebar":"","ocean_disable_margins":"enable","ocean_add_body_class":"","ocean_shortcode_before_top_bar":"","ocean_shortcode_after_top_bar":"","ocean_shortcode_before_header":"","ocean_shortcode_after_header":"","ocean_has_shortcode":"","ocean_shortcode_after_title":"","ocean_shortcode_before_footer_widgets":"","ocean_shortcode_after_footer_widgets":"","ocean_shortcode_before_footer_bottom":"","ocean_shortcode_after_footer_bottom":"","ocean_display_top_bar":"default","ocean_display_header":"default","ocean_header_style":"","ocean_center_header_left_menu":"","ocean_custom_header_template":"","ocean_custom_logo":0,"ocean_custom_retina_logo":0,"ocean_custom_logo_max_width":0,"ocean_custom_logo_tablet_max_width":0,"ocean_custom_logo_mobile_max_width":0,"ocean_custom_logo_max_height":0,"ocean_custom_logo_tablet_max_height":0,"ocean_custom_logo_mobile_max_height":0,"ocean_header_custom_menu":"","ocean_menu_typo_font_family":"","ocean_menu_typo_font_subset":"","ocean_menu_typo_font_size":0,"ocean_menu_typo_font_size_tablet":0,"ocean_menu_typo_font_size_mobile":0,"ocean_menu_typo_font_size_unit":"px","ocean_menu_typo_font_weight":"","ocean_menu_typo_font_weight_tablet":"","ocean_menu_typo_font_weight_mobile":"","ocean_menu_typo_transform":"","ocean_menu_typo_transform_tablet":"","ocean_menu_typo_transform_mobile":"","ocean_menu_typo_line_height":0,"ocean_menu_typo_line_height_tablet":0,"ocean_menu_typo_line_height_mobile":0,"ocean_menu_typo_line_height_unit":"","ocean_menu_typo_spacing":0,"ocean_menu_typo_spacing_tablet":0,"ocean_menu_typo_spacing_mobile":0,"ocean_menu_typo_spacing_unit":"","ocean_menu_link_color":"","ocean_menu_link_color_hover":"","ocean_menu_link_color_active":"","ocean_menu_link_background":"","ocean_menu_link_hover_background":"","ocean_menu_link_active_background":"","ocean_menu_social_links_bg":"","ocean_menu_social_hover_links_bg":"","ocean_menu_social_links_color":"","ocean_menu_social_hover_links_color":"","ocean_disable_title":"default","ocean_disable_heading":"default","ocean_post_title":"","ocean_post_subheading":"","ocean_post_title_style":"","ocean_post_title_background_color":"","ocean_post_title_background":0,"ocean_post_title_bg_image_position":"","ocean_post_title_bg_image_attachment":"","ocean_post_title_bg_image_repeat":"","ocean_post_title_bg_image_size":"","ocean_post_title_height":0,"ocean_post_title_bg_overlay":0.5,"ocean_post_title_bg_overlay_color":"","ocean_disable_breadcrumbs":"default","ocean_breadcrumbs_color":"","ocean_breadcrumbs_separator_color":"","ocean_breadcrumbs_links_color":"","ocean_breadcrumbs_links_hover_color":"","ocean_display_footer_widgets":"default","ocean_display_footer_bottom":"default","ocean_custom_footer_template":"","omw_enable_modal_window":"enable","ofc_meta_disable_footer_callout":"","ofc_meta_callout_button_url":"","ofc_meta_callout_button_txt":"","ofc_meta_callout_text":"","ofc_enable_fullscreen":"disable","ofc_fullscreen_speed":0,"ofc_fullscreen_nav":"enable","ofc_fullscreen_nav_pos":"right","ofc_fullscreen_nav_color":"","ofc_fullscreen_nav_tooltip_color":"","ofc_fullscreen_responsive":0,"osp_disable_panel":"default","osh_disable_topbar_sticky":"default","osh_disable_header_sticky":"default","osh_sticky_header_style":"default","osh_sticky_header_effect":"","osh_custom_sticky_logo":0,"osh_custom_retina_sticky_logo":0,"osh_custom_sticky_logo_height":0,"osh_background_color":"","osh_links_color":"","osh_links_hover_color":"","osh_links_active_color":"","osh_links_bg_color":"","osh_links_hover_bg_color":"","osh_links_active_bg_color":"","osh_menu_social_links_color":"","osh_menu_social_hover_links_color":"","footnotes":""},"class_list":["post-13","page","type-page","status-publish","has-post-thumbnail","hentry","entry","has-media"],"aioseo_notices":[],"_links":{"self":[{"href":"https:\/\/katstudio.eu\/index.php?rest_route=\/wp\/v2\/pages\/13","targetHints":{"allow":["GET"]}}],"collection":[{"href":"https:\/\/katstudio.eu\/index.php?rest_route=\/wp\/v2\/pages"}],"about":[{"href":"https:\/\/katstudio.eu\/index.php?rest_route=\/wp\/v2\/types\/page"}],"author":[{"embeddable":true,"href":"https:\/\/katstudio.eu\/index.php?rest_route=\/wp\/v2\/users\/1"}],"replies":[{"embeddable":true,"href":"https:\/\/katstudio.eu\/index.php?rest_route=%2Fwp%2Fv2%2Fcomments&post=13"}],"version-history":[{"count":19,"href":"https:\/\/katstudio.eu\/index.php?rest_route=\/wp\/v2\/pages\/13\/revisions"}],"predecessor-version":[{"id":3392,"href":"https:\/\/katstudio.eu\/index.php?rest_route=\/wp\/v2\/pages\/13\/revisions\/3392"}],"wp:featuredmedia":[{"embeddable":true,"href":"https:\/\/katstudio.eu\/index.php?rest_route=\/wp\/v2\/media\/389"}],"wp:attachment":[{"href":"https:\/\/katstudio.eu\/index.php?rest_route=%2Fwp%2Fv2%2Fmedia&parent=13"}],"curies":[{"name":"wp","href":"https:\/\/api.w.org\/{rel}","templated":true}]}}