{"id":213,"date":"2014-11-06T15:12:38","date_gmt":"2014-11-06T14:12:38","guid":{"rendered":"http:\/\/katstudio.eu\/?page_id=213"},"modified":"2018-04-04T17:04:29","modified_gmt":"2018-04-04T16:04:29","slug":"jak-dbac-o-tatuaz","status":"publish","type":"page","link":"https:\/\/katstudio.eu\/?page_id=213","title":{"rendered":"Jak dba\u0107 o tatua\u017c"},"content":{"rendered":"<p style=\"text-align: center;\"><strong>Po zabiegu: objawy i zalecenia<\/strong><br \/>\nPo wykonaniu tatua\u017cu najcz\u0119\u015bciej wyst\u0119puj\u0105cymi objawami s\u0105 zm\u0119czenie oraz uczucie zimna i senno\u015bci. Objawy te spowodowane s\u0105 wysi\u0142kiem jaki musi znie\u015b\u0107 organizm podczas zabiegu . Po powrocie do domu mo\u017cna przyj\u0105\u0107 jedn\u0105 dawk\u0119 paracetamolu, kt\u00f3ry zadzia\u0142a przeciwgor\u0105czkowo i przeciwzapalnie oraz wcze\u015bniej po\u0142o\u017cy\u0107 si\u0119 spa\u0107 &#8211; je\u017celi jest to mo\u017cliwe .<br \/>\nNasze \u015bwie\u017co przyozdobione miejsce przez pierwsze dni b\u0119dzie obola\u0142e, opuchni\u0119te i zaczerwienione, ciep\u0142e, pokryte wyciekaj\u0105cym osoczem, kt\u00f3re cz\u0119sto ma barw\u0119 tatua\u017cu. Jest to zjawisko normalne i nie powinno budzi\u0107 zaniepokojenia.<br \/>\nPrzez pierwsze dwa tygodnie po wykonaniu zabiegu nie dopuszczalne jest picie alkoholu, za\u017cywanie narkotyk\u00f3w , oraz korzystanie z k\u0105pieli w basenie lub na pla\u017cy. Nie nale\u017cy te\u017c korzysta\u0107 z solarium oraz opala\u0107 wytatuowanego miejsca na s\u0142o\u0144cu .<\/p>\n<p style=\"text-align: center;\"><strong>Gojenie: zalecenia<\/strong><br \/>\nZaczynaj\u0105c gojenie tatua\u017cu najlepiej jest nie obci\u0105\u017ca\u0107 organizmu (szczeg\u00f3lnie w dzie\u0144 zabiegu) i przez okres gojenia bardziej ni\u017c zwykle dba\u0107 o siebie . Nale\u017cy zwr\u00f3ci\u0107 szczeg\u00f3ln\u0105 uwag\u0119 na to, aby nasza dieta oraz samopoczucie, pozwoli\u0142y organizmowi skupi\u0107 si\u0119 na gojeniu a nie na przyk\u0142ad na walce z przezi\u0119bieniem poniewa\u017c b\u0119dzie to dodatkowe obci\u0105\u017cenie, kt\u00f3re mo\u017ce mie\u0107 wp\u0142yw na przebieg gojenia .<br \/>\nPo wykonaniu zabiegu Tatuator pokrywa \u015bwie\u017cy tatua\u017c warstw\u0105 Tattoofilm &#8211; jest to \u015brodek kt\u00f3ry zmniejsza ryzyko wyst\u0105pienia stan\u00f3w zapalnych, tamuje krwawienie oraz tworzy naturaln\u0105 barier\u0119 zabezpieczaj\u0105c\u0105 przed przedostawaniem si\u0119 bakterii, chroni\u0105c tym samym przed otarciami odzie\u017c\u0105. Tattoofilm tworzy warstw\u0119 \u00a0okluzyjn\u0105, kt\u00f3r\u0105 spokojnie mo\u017cna nosi\u0107 do 12 godzin. Po tym czasie zmywamy Tattoofilm wod\u0105 z myd\u0142em i zaczynamy smarowa\u0107 tatua\u017c ma\u015bci\u0105 Alantan plus, \u00a0b\u0105d\u017a specjalnym kremem przeznaczonym do piel\u0119gnacji \u015bwie\u017cego tatua\u017cu. \u00a0Dbaj\u0105c o tatua\u017c nale\u017cy pami\u0119ta\u0107 aby nie doprowadzi\u0107\u00a0 do zbytniego przesuszenia sk\u00f3ry.<\/p>\n<p style=\"text-align: center;\">Podczas gojenia (najcz\u0119\u015bciej oko\u0142o 6-tego dnia) tatua\u017c zaczyna si\u0119 z\u0142uszcza\u0107 a powsta\u0142e strupki zaczynaj\u0105 odpada\u0107. Pod \u017cadnym pozorem nie wolno im pomaga\u0107: nie drapa\u0107, nie odrywa\u0107 i nie sprawdza\u0107 czy pod goj\u0105cym si\u0119 miejscem jest wbity barwnik<\/p>\n<p style=\"text-align: center;\"><strong>Ewentualne niedoskona\u0142o\u015bci powsta\u0142e w skutek gojenia<\/strong> .<br \/>\nJe\u017celi dana osoba nie zastosuje si\u0119 do podanych zalece\u0144 musi liczy\u0107 si\u0119 z tym, i\u017c za poprawienie ewentualnych niedoskona\u0142o\u015bci (kt\u00f3re wyst\u0105pi\u0142y w skutek drapania b\u0105d\u017a zaniedbania wytatuowanego miejsca), b\u0119dzie musia\u0142a zap\u0142aci\u0107<br \/>\nJe\u017celi natomiast mimo wszelakich stara\u0144 podczas gojenia, tatua\u017c w jakim\u015b miejscu si\u0119 odbarwi, nie przyjmie lub z\u0142uszczaj\u0105c si\u0119 w jakikolwiek spos\u00f3b uszkodzi (istnieje taka mo\u017cliwo\u015b\u0107), wtedy w trosce o naszych klient\u00f3w prosimy o kontakt z tatuatorem w celu om\u00f3wienia ewentualnych poprawek, kt\u00f3re w takiej sytuacji wykonywane s\u0105 najcz\u0119\u015bciej bezp\u0142atnie .<\/p>\n<hr \/>\n<hr \/>\n<p><a href=\"https:\/\/katstudio.eu\/wp-content\/uploads\/2018\/04\/3210015-Edit.jpg\"><img fetchpriority=\"high\" decoding=\"async\" class=\"aligncenter wp-image-591 size-medium\" src=\"https:\/\/katstudio.eu\/wp-content\/uploads\/2018\/04\/3210015-Edit-225x300.jpg\" alt=\"\" width=\"225\" height=\"300\" \/><\/a><\/p>\n","protected":false},"excerpt":{"rendered":"<p>Po zabiegu: objawy i zalecenia Po wykonaniu tatua\u017cu najcz\u0119\u015bciej wyst\u0119puj\u0105cymi objawami s\u0105 zm\u0119czenie oraz uczucie zimna i senno\u015bci. Objawy te spowodowane s\u0105 wysi\u0142kiem jaki musi znie\u015b\u0107 organizm podczas zabiegu . Po powrocie do domu mo\u017cna przyj\u0105\u0107 jedn\u0105 dawk\u0119 paracetamolu, kt\u00f3ry zadzia\u0142a przeciwgor\u0105czkowo i przeciwzapalnie oraz wcze\u015bniej po\u0142o\u017cy\u0107 si\u0119 spa\u0107 &#8211; je\u017celi jest to mo\u017cliwe . [&hellip;]<\/p>\n","protected":false},"author":1,"featured_media":218,"parent":0,"menu_order":0,"comment_status":"open","ping_status":"open","template":"","meta":{"content-type":"","ocean_post_layout":"","ocean_both_sidebars_style":"","ocean_both_sidebars_content_width":0,"ocean_both_sidebars_sidebars_width":0,"ocean_sidebar":"","ocean_second_sidebar":"","ocean_disable_margins":"enable","ocean_add_body_class":"","ocean_shortcode_before_top_bar":"","ocean_shortcode_after_top_bar":"","ocean_shortcode_before_header":"","ocean_shortcode_after_header":"","ocean_has_shortcode":"","ocean_shortcode_after_title":"","ocean_shortcode_before_footer_widgets":"","ocean_shortcode_after_footer_widgets":"","ocean_shortcode_before_footer_bottom":"","ocean_shortcode_after_footer_bottom":"","ocean_display_top_bar":"default","ocean_display_header":"default","ocean_header_style":"","ocean_center_header_left_menu":"","ocean_custom_header_template":"","ocean_custom_logo":0,"ocean_custom_retina_logo":0,"ocean_custom_logo_max_width":0,"ocean_custom_logo_tablet_max_width":0,"ocean_custom_logo_mobile_max_width":0,"ocean_custom_logo_max_height":0,"ocean_custom_logo_tablet_max_height":0,"ocean_custom_logo_mobile_max_height":0,"ocean_header_custom_menu":"","ocean_menu_typo_font_family":"","ocean_menu_typo_font_subset":"","ocean_menu_typo_font_size":0,"ocean_menu_typo_font_size_tablet":0,"ocean_menu_typo_font_size_mobile":0,"ocean_menu_typo_font_size_unit":"px","ocean_menu_typo_font_weight":"","ocean_menu_typo_font_weight_tablet":"","ocean_menu_typo_font_weight_mobile":"","ocean_menu_typo_transform":"","ocean_menu_typo_transform_tablet":"","ocean_menu_typo_transform_mobile":"","ocean_menu_typo_line_height":0,"ocean_menu_typo_line_height_tablet":0,"ocean_menu_typo_line_height_mobile":0,"ocean_menu_typo_line_height_unit":"","ocean_menu_typo_spacing":0,"ocean_menu_typo_spacing_tablet":0,"ocean_menu_typo_spacing_mobile":0,"ocean_menu_typo_spacing_unit":"","ocean_menu_link_color":"","ocean_menu_link_color_hover":"","ocean_menu_link_color_active":"","ocean_menu_link_background":"","ocean_menu_link_hover_background":"","ocean_menu_link_active_background":"","ocean_menu_social_links_bg":"","ocean_menu_social_hover_links_bg":"","ocean_menu_social_links_color":"","ocean_menu_social_hover_links_color":"","ocean_disable_title":"default","ocean_disable_heading":"default","ocean_post_title":"","ocean_post_subheading":"","ocean_post_title_style":"","ocean_post_title_background_color":"","ocean_post_title_background":0,"ocean_post_title_bg_image_position":"","ocean_post_title_bg_image_attachment":"","ocean_post_title_bg_image_repeat":"","ocean_post_title_bg_image_size":"","ocean_post_title_height":0,"ocean_post_title_bg_overlay":0.5,"ocean_post_title_bg_overlay_color":"","ocean_disable_breadcrumbs":"default","ocean_breadcrumbs_color":"","ocean_breadcrumbs_separator_color":"","ocean_breadcrumbs_links_color":"","ocean_breadcrumbs_links_hover_color":"","ocean_display_footer_widgets":"default","ocean_display_footer_bottom":"default","ocean_custom_footer_template":"","omw_enable_modal_window":"enable","ofc_meta_disable_footer_callout":"","ofc_meta_callout_button_url":"","ofc_meta_callout_button_txt":"","ofc_meta_callout_text":"","ofc_enable_fullscreen":"disable","ofc_fullscreen_speed":0,"ofc_fullscreen_nav":"enable","ofc_fullscreen_nav_pos":"right","ofc_fullscreen_nav_color":"","ofc_fullscreen_nav_tooltip_color":"","ofc_fullscreen_responsive":0,"osp_disable_panel":"default","osh_disable_topbar_sticky":"default","osh_disable_header_sticky":"default","osh_sticky_header_style":"default","osh_sticky_header_effect":"","osh_custom_sticky_logo":0,"osh_custom_retina_sticky_logo":0,"osh_custom_sticky_logo_height":0,"osh_background_color":"","osh_links_color":"","osh_links_hover_color":"","osh_links_active_color":"","osh_links_bg_color":"","osh_links_hover_bg_color":"","osh_links_active_bg_color":"","osh_menu_social_links_color":"","osh_menu_social_hover_links_color":"","footnotes":""},"class_list":["post-213","page","type-page","status-publish","has-post-thumbnail","hentry","entry","has-media"],"aioseo_notices":[],"_links":{"self":[{"href":"https:\/\/katstudio.eu\/index.php?rest_route=\/wp\/v2\/pages\/213","targetHints":{"allow":["GET"]}}],"collection":[{"href":"https:\/\/katstudio.eu\/index.php?rest_route=\/wp\/v2\/pages"}],"about":[{"href":"https:\/\/katstudio.eu\/index.php?rest_route=\/wp\/v2\/types\/page"}],"author":[{"embeddable":true,"href":"https:\/\/katstudio.eu\/index.php?rest_route=\/wp\/v2\/users\/1"}],"replies":[{"embeddable":true,"href":"https:\/\/katstudio.eu\/index.php?rest_route=%2Fwp%2Fv2%2Fcomments&post=213"}],"version-history":[{"count":4,"href":"https:\/\/katstudio.eu\/index.php?rest_route=\/wp\/v2\/pages\/213\/revisions"}],"predecessor-version":[{"id":219,"href":"https:\/\/katstudio.eu\/index.php?rest_route=\/wp\/v2\/pages\/213\/revisions\/219"}],"wp:featuredmedia":[{"embeddable":true,"href":"https:\/\/katstudio.eu\/index.php?rest_route=\/wp\/v2\/media\/218"}],"wp:attachment":[{"href":"https:\/\/katstudio.eu\/index.php?rest_route=%2Fwp%2Fv2%2Fmedia&parent=213"}],"curies":[{"name":"wp","href":"https:\/\/api.w.org\/{rel}","templated":true}]}}