{"id":7,"date":"2014-10-29T12:01:30","date_gmt":"2014-10-29T11:01:30","guid":{"rendered":"http:\/\/katstudio.eu\/?page_id=7"},"modified":"2025-10-23T15:47:45","modified_gmt":"2025-10-23T14:47:45","slug":"terminy","status":"publish","type":"page","link":"https:\/\/katstudio.eu\/?page_id=7","title":{"rendered":"Terminy"},"content":{"rendered":"\t\t<div data-elementor-type=\"wp-page\" data-elementor-id=\"7\" class=\"elementor elementor-7\" data-elementor-post-type=\"page\">\n\t\t\t\t<div class=\"elementor-element elementor-element-bd3c811 e-flex e-con-boxed e-con e-parent\" data-id=\"bd3c811\" data-element_type=\"container\">\n\t\t\t\t\t<div class=\"e-con-inner\">\n\t\t\t\t<div class=\"elementor-element elementor-element-c7c35a0 animated-slow elementor-invisible elementor-widget elementor-widget-heading\" data-id=\"c7c35a0\" data-element_type=\"widget\" data-settings=\"{&quot;_animation&quot;:&quot;fadeIn&quot;}\" data-widget_type=\"heading.default\">\n\t\t\t\t\t<h2 class=\"elementor-heading-title elementor-size-default\">Terminy<\/h2>\t\t\t\t<\/div>\n\t\t\t\t\t<\/div>\n\t\t\t\t<\/div>\n\t\t<div class=\"elementor-element elementor-element-226f306 e-flex e-con-boxed e-con e-parent\" data-id=\"226f306\" data-element_type=\"container\">\n\t\t\t\t\t<div class=\"e-con-inner\">\n\t\t\t\t<div class=\"elementor-element elementor-element-39d01c2 elementor-widget-divider--view-line elementor-widget elementor-widget-divider\" data-id=\"39d01c2\" data-element_type=\"widget\" data-widget_type=\"divider.default\">\n\t\t\t\t\t\t\t<div class=\"elementor-divider\">\n\t\t\t<span class=\"elementor-divider-separator\">\n\t\t\t\t\t\t<\/span>\n\t\t<\/div>\n\t\t\t\t\t\t<\/div>\n\t\t\t\t\t<\/div>\n\t\t\t\t<\/div>\n\t\t<div class=\"elementor-element elementor-element-3dd5ccc e-con-full e-flex e-con e-parent\" data-id=\"3dd5ccc\" data-element_type=\"container\">\n\t\t\t\t<div class=\"elementor-element elementor-element-a780044 elementor-invisible elementor-widget elementor-widget-oew-alert\" data-id=\"a780044\" data-element_type=\"widget\" data-settings=\"{&quot;_animation&quot;:&quot;bounceIn&quot;}\" data-widget_type=\"oew-alert.default\">\n\t\t\t\t<div class=\"elementor-widget-container\">\n\t\t\t\t\t\n\t\t<div class=\"oew-alert clr oew-alert-notice oew-alert-minimal\" role=\"alert\">\n\n\t\t\t<div class=\"oew-alert-content-wrap clr\">\n\n\t\t\t\t<div class=\"oew-alert-icon\"><i class=\"fa fa-bell\"><\/i><\/div>\n\n\t\t\t\n\t\t\t\t\n\t\t\t\t\t<div class=\"oew-alert-content clr\">\n\t\t\t\t\t\tGrudzie\u0144 mamy ju\u017c prawie ca\u0142y zapisany \t\t\t\t\t<\/div><!-- .oew-alert-content -->\n\n\t\t\t\t\n\t\t\t\t\t\n\t\t\t\t\t<div class=\"oew-alert-close-btn\"><i class=\"icon-close\"><\/i><\/div>\n\n\t\t\t\t\t\n\t\t\t<\/div><!-- .oew-alert-content -->\n\n\t\t<\/div><!-- .oew-alert -->\n\n\t\t\t\t\t\t\t<\/div>\n\t\t\t\t<\/div>\n\t\t\t\t<\/div>\n\t\t<div class=\"elementor-element elementor-element-12acf450 e-flex e-con-boxed e-con e-parent\" data-id=\"12acf450\" data-element_type=\"container\" data-settings=\"{&quot;background_background&quot;:&quot;classic&quot;}\">\n\t\t\t\t\t<div class=\"e-con-inner\">\n\t\t\t\t<div class=\"elementor-element elementor-element-37408351 elementor-drop-cap-yes elementor-drop-cap-view-stacked elementor-widget elementor-widget-text-editor\" data-id=\"37408351\" data-element_type=\"widget\" data-settings=\"{&quot;drop_cap&quot;:&quot;yes&quot;}\" data-widget_type=\"text-editor.default\">\n\t\t\t\t\t\t\t\t\t<h3><span style=\"font-size: 18px;\">Przy rezerwacji terminu nale\u017cy ui\u015bci\u0107 op\u0142at\u0119, kt\u00f3ra wliczona jest w koszt wykonania tatua\u017cu. Je\u017celi z przyczyn nie zale\u017cnych od studia b\u0119dziesz musia\u0142 \u00a0prze\u0142o\u017cy\u0107 termin wizyty wtedy nale\u017cy to zrobi\u0107 nie p\u00f3\u017aniej ni\u017c 5 dni przed planowan\u0105 wizyt\u0105. W innym wypadku wp\u0142acona wcze\u015bniej op\u0142ata przepada i przechodzi na rzecz studia. <span style=\"color: #ea2340;\"><strong>Osoby b\u0119d\u0105ce pod wp\u0142ywem alkoholu b\u0105d\u017a innych substancji psychoaktywnych stawiaj\u0105ce si\u0119 na wykonanie zabiegu trac\u0105 wp\u0142acon\u0105 op\u0142at\u0119 za rezerwacje terminu i s\u0105 wypraszane ze studia<\/strong>.<\/span> Szanujmy si\u0119 nawzajem i nie marnujmy swojego czasu .<\/span><\/h3>\n<h3>\u00a0<\/h3>\n<h3><span style=\"font-size: 18px;\">Tatua\u017ce w zale\u017cno\u015bci od wielko\u015bci i stopnia skomplikowania dzielimy na takie kt\u00f3re jeste\u015bmy w stanie zrobi\u0107 podczas jednej sesji oraz takie kt\u00f3re trzeba podzieli\u0107 na poszczeg\u00f3lne etapy (sesje ). Je\u015bli wi\u0119c tw\u00f3j wymarzony wz\u00f3r jest du\u017cy czy te\u017c posiada wiele szczeg\u00f3\u0142owych element\u00f3w do zrobienia to musisz sobie zda\u0107 spraw\u0119, \u017ce na wykonanie takiego wzoru po\u015bwi\u0119cisz du\u017co czasu (kilka sesji)<\/span><\/h3>\n<h3><strong><span style=\"font-size: 18px;\">Obecnie wolne terminy mamy od \u00a0<\/span><span style=\"font-size: 24px;\"><span style=\"color: #ff0000;\">GRUDNIA 2025 <\/span><\/span>roku, mniejsze prace jak np: napis na nadgarstku jeste\u015bmy w stanie zrobi\u0107 wcze\u015bniej.<\/strong><\/h3>\n<hr \/><hr \/>\n<h3><\/h3>\n<h3>\u00a0<\/h3>\n<h3>\u00a0<\/h3>\n<p><\/p>\t\t\t\t\t\t\t\t<\/div>\n\t\t\t\t\t<\/div>\n\t\t\t\t<\/div>\n\t\t\t\t<\/div>\n\t\t","protected":false},"excerpt":{"rendered":"<p>Terminy Grudzie\u0144 mamy ju\u017c prawie ca\u0142y zapisany Przy rezerwacji terminu nale\u017cy ui\u015bci\u0107 op\u0142at\u0119, kt\u00f3ra wliczona jest w koszt wykonania tatua\u017cu. Je\u017celi z przyczyn nie zale\u017cnych od studia b\u0119dziesz musia\u0142 \u00a0prze\u0142o\u017cy\u0107 termin wizyty wtedy nale\u017cy to zrobi\u0107 nie p\u00f3\u017aniej ni\u017c 5 dni przed planowan\u0105 wizyt\u0105. W innym wypadku wp\u0142acona wcze\u015bniej op\u0142ata przepada i przechodzi na rzecz [&hellip;]<\/p>\n","protected":false},"author":1,"featured_media":0,"parent":0,"menu_order":0,"comment_status":"closed","ping_status":"open","template":"","meta":{"content-type":"","ocean_post_layout":"","ocean_both_sidebars_style":"","ocean_both_sidebars_content_width":0,"ocean_both_sidebars_sidebars_width":0,"ocean_sidebar":"","ocean_second_sidebar":"","ocean_disable_margins":"enable","ocean_add_body_class":"","ocean_shortcode_before_top_bar":"","ocean_shortcode_after_top_bar":"","ocean_shortcode_before_header":"","ocean_shortcode_after_header":"","ocean_has_shortcode":"","ocean_shortcode_after_title":"","ocean_shortcode_before_footer_widgets":"","ocean_shortcode_after_footer_widgets":"","ocean_shortcode_before_footer_bottom":"","ocean_shortcode_after_footer_bottom":"","ocean_display_top_bar":"default","ocean_display_header":"default","ocean_header_style":"","ocean_center_header_left_menu":"","ocean_custom_header_template":"","ocean_custom_logo":0,"ocean_custom_retina_logo":0,"ocean_custom_logo_max_width":0,"ocean_custom_logo_tablet_max_width":0,"ocean_custom_logo_mobile_max_width":0,"ocean_custom_logo_max_height":0,"ocean_custom_logo_tablet_max_height":0,"ocean_custom_logo_mobile_max_height":0,"ocean_header_custom_menu":"","ocean_menu_typo_font_family":"","ocean_menu_typo_font_subset":"","ocean_menu_typo_font_size":0,"ocean_menu_typo_font_size_tablet":0,"ocean_menu_typo_font_size_mobile":0,"ocean_menu_typo_font_size_unit":"px","ocean_menu_typo_font_weight":"","ocean_menu_typo_font_weight_tablet":"","ocean_menu_typo_font_weight_mobile":"","ocean_menu_typo_transform":"","ocean_menu_typo_transform_tablet":"","ocean_menu_typo_transform_mobile":"","ocean_menu_typo_line_height":0,"ocean_menu_typo_line_height_tablet":0,"ocean_menu_typo_line_height_mobile":0,"ocean_menu_typo_line_height_unit":"","ocean_menu_typo_spacing":0,"ocean_menu_typo_spacing_tablet":0,"ocean_menu_typo_spacing_mobile":0,"ocean_menu_typo_spacing_unit":"","ocean_menu_link_color":"","ocean_menu_link_color_hover":"","ocean_menu_link_color_active":"","ocean_menu_link_background":"","ocean_menu_link_hover_background":"","ocean_menu_link_active_background":"","ocean_menu_social_links_bg":"","ocean_menu_social_hover_links_bg":"","ocean_menu_social_links_color":"","ocean_menu_social_hover_links_color":"","ocean_disable_title":"default","ocean_disable_heading":"default","ocean_post_title":"","ocean_post_subheading":"","ocean_post_title_style":"","ocean_post_title_background_color":"","ocean_post_title_background":0,"ocean_post_title_bg_image_position":"","ocean_post_title_bg_image_attachment":"","ocean_post_title_bg_image_repeat":"","ocean_post_title_bg_image_size":"","ocean_post_title_height":0,"ocean_post_title_bg_overlay":0.5,"ocean_post_title_bg_overlay_color":"","ocean_disable_breadcrumbs":"default","ocean_breadcrumbs_color":"","ocean_breadcrumbs_separator_color":"","ocean_breadcrumbs_links_color":"","ocean_breadcrumbs_links_hover_color":"","ocean_display_footer_widgets":"default","ocean_display_footer_bottom":"default","ocean_custom_footer_template":"","omw_enable_modal_window":"enable","ofc_meta_disable_footer_callout":"","ofc_meta_callout_button_url":"","ofc_meta_callout_button_txt":"","ofc_meta_callout_text":"","ofc_enable_fullscreen":"disable","ofc_fullscreen_speed":0,"ofc_fullscreen_nav":"enable","ofc_fullscreen_nav_pos":"right","ofc_fullscreen_nav_color":"","ofc_fullscreen_nav_tooltip_color":"","ofc_fullscreen_responsive":0,"osp_disable_panel":"default","osh_disable_topbar_sticky":"default","osh_disable_header_sticky":"default","osh_sticky_header_style":"default","osh_sticky_header_effect":"","osh_custom_sticky_logo":0,"osh_custom_retina_sticky_logo":0,"osh_custom_sticky_logo_height":0,"osh_background_color":"","osh_links_color":"","osh_links_hover_color":"","osh_links_active_color":"","osh_links_bg_color":"","osh_links_hover_bg_color":"","osh_links_active_bg_color":"","osh_menu_social_links_color":"","osh_menu_social_hover_links_color":"","footnotes":""},"class_list":["post-7","page","type-page","status-publish","hentry","entry"],"aioseo_notices":[],"_links":{"self":[{"href":"https:\/\/katstudio.eu\/index.php?rest_route=\/wp\/v2\/pages\/7","targetHints":{"allow":["GET"]}}],"collection":[{"href":"https:\/\/katstudio.eu\/index.php?rest_route=\/wp\/v2\/pages"}],"about":[{"href":"https:\/\/katstudio.eu\/index.php?rest_route=\/wp\/v2\/types\/page"}],"author":[{"embeddable":true,"href":"https:\/\/katstudio.eu\/index.php?rest_route=\/wp\/v2\/users\/1"}],"replies":[{"embeddable":true,"href":"https:\/\/katstudio.eu\/index.php?rest_route=%2Fwp%2Fv2%2Fcomments&post=7"}],"version-history":[{"count":64,"href":"https:\/\/katstudio.eu\/index.php?rest_route=\/wp\/v2\/pages\/7\/revisions"}],"predecessor-version":[{"id":3406,"href":"https:\/\/katstudio.eu\/index.php?rest_route=\/wp\/v2\/pages\/7\/revisions\/3406"}],"wp:attachment":[{"href":"https:\/\/katstudio.eu\/index.php?rest_route=%2Fwp%2Fv2%2Fmedia&parent=7"}],"curies":[{"name":"wp","href":"https:\/\/api.w.org\/{rel}","templated":true}]}}