{"id":9,"date":"2014-10-29T12:01:44","date_gmt":"2014-10-29T11:01:44","guid":{"rendered":"http:\/\/katstudio.eu\/?page_id=9"},"modified":"2025-10-24T14:25:06","modified_gmt":"2025-10-24T13:25:06","slug":"ceny","status":"publish","type":"page","link":"https:\/\/katstudio.eu\/?page_id=9","title":{"rendered":"Ceny"},"content":{"rendered":"\t\t<div data-elementor-type=\"wp-page\" data-elementor-id=\"9\" class=\"elementor elementor-9\" data-elementor-post-type=\"page\">\n\t\t\t\t<div class=\"elementor-element elementor-element-54b6d078 e-flex e-con-boxed e-con e-parent\" data-id=\"54b6d078\" data-element_type=\"container\">\n\t\t\t\t\t<div class=\"e-con-inner\">\n\t\t\t\t<div class=\"elementor-element elementor-element-15b8f92 elementor-widget elementor-widget-text-editor\" data-id=\"15b8f92\" data-element_type=\"widget\" data-widget_type=\"text-editor.default\">\n\t\t\t\t\t\t\t\t\t<h3 style=\"text-align: center;\">Ceny tatua\u017cu zale\u017c\u0105 dok\u0142adnie od jego wielko\u015bci ilo\u015bci u\u017cytych kolor\u00f3w oraz stopnia skomplikowania wzoru czyli dok\u0142adnie tego ile czasu i pracy musimy w dany tatua\u017c w\u0142o\u017cy\u0107 i ile sprz\u0119tu potrzebne b\u0119dzie do wykonania takiego wzoru na sk\u00f3rze.\u00a0<\/h3><hr \/><hr \/><h3 style=\"text-align: center;\">Je\u015bli chodzi o tatua\u017c jest on dosy\u0107 drog\u0105 form\u0105 ozdoby ale jest te\u017c tak\u0105 form\u0105, kt\u00f3ra nam si\u0119 nigdy nie zgubi, nie popsuje ani jej nikt nie ukradnie. Jest nasz\u0105 pami\u0105tk\u0105, kt\u00f3ra zostanie z nami do ko\u0144ca i je\u017celi b\u0119dziemy o ni\u0105 dbali i z nale\u017cyt\u0105 rozwag\u0105 dobierzemy wz\u00f3r kt\u00f3rym chcemy si\u0119 przyozdobi\u0107, b\u0119dzie nam sprawia\u0142a rado\u015b\u0107 do ko\u0144ca \u017cycia.<\/h3><h3>\u00a0<\/h3>\t\t\t\t\t\t\t\t<\/div>\n\t\t\t\t\t<\/div>\n\t\t\t\t<\/div>\n\t\t\t\t<\/div>\n\t\t","protected":false},"excerpt":{"rendered":"<p>Ceny tatua\u017cu zale\u017c\u0105 dok\u0142adnie od jego wielko\u015bci ilo\u015bci u\u017cytych kolor\u00f3w oraz stopnia skomplikowania wzoru czyli dok\u0142adnie tego ile czasu i pracy musimy w dany tatua\u017c w\u0142o\u017cy\u0107 i ile sprz\u0119tu potrzebne b\u0119dzie do wykonania takiego wzoru na sk\u00f3rze.\u00a0 Je\u015bli chodzi o tatua\u017c jest on dosy\u0107 drog\u0105 form\u0105 ozdoby ale jest te\u017c tak\u0105 form\u0105, kt\u00f3ra nam si\u0119 [&hellip;]<\/p>\n","protected":false},"author":1,"featured_media":594,"parent":0,"menu_order":0,"comment_status":"closed","ping_status":"open","template":"","meta":{"content-type":"","ocean_post_layout":"","ocean_both_sidebars_style":"","ocean_both_sidebars_content_width":0,"ocean_both_sidebars_sidebars_width":0,"ocean_sidebar":"","ocean_second_sidebar":"","ocean_disable_margins":"enable","ocean_add_body_class":"","ocean_shortcode_before_top_bar":"","ocean_shortcode_after_top_bar":"","ocean_shortcode_before_header":"","ocean_shortcode_after_header":"","ocean_has_shortcode":"","ocean_shortcode_after_title":"","ocean_shortcode_before_footer_widgets":"","ocean_shortcode_after_footer_widgets":"","ocean_shortcode_before_footer_bottom":"","ocean_shortcode_after_footer_bottom":"","ocean_display_top_bar":"default","ocean_display_header":"default","ocean_header_style":"","ocean_center_header_left_menu":"","ocean_custom_header_template":"","ocean_custom_logo":0,"ocean_custom_retina_logo":0,"ocean_custom_logo_max_width":0,"ocean_custom_logo_tablet_max_width":0,"ocean_custom_logo_mobile_max_width":0,"ocean_custom_logo_max_height":0,"ocean_custom_logo_tablet_max_height":0,"ocean_custom_logo_mobile_max_height":0,"ocean_header_custom_menu":"","ocean_menu_typo_font_family":"","ocean_menu_typo_font_subset":"","ocean_menu_typo_font_size":0,"ocean_menu_typo_font_size_tablet":0,"ocean_menu_typo_font_size_mobile":0,"ocean_menu_typo_font_size_unit":"px","ocean_menu_typo_font_weight":"","ocean_menu_typo_font_weight_tablet":"","ocean_menu_typo_font_weight_mobile":"","ocean_menu_typo_transform":"","ocean_menu_typo_transform_tablet":"","ocean_menu_typo_transform_mobile":"","ocean_menu_typo_line_height":0,"ocean_menu_typo_line_height_tablet":0,"ocean_menu_typo_line_height_mobile":0,"ocean_menu_typo_line_height_unit":"","ocean_menu_typo_spacing":0,"ocean_menu_typo_spacing_tablet":0,"ocean_menu_typo_spacing_mobile":0,"ocean_menu_typo_spacing_unit":"","ocean_menu_link_color":"","ocean_menu_link_color_hover":"","ocean_menu_link_color_active":"","ocean_menu_link_background":"","ocean_menu_link_hover_background":"","ocean_menu_link_active_background":"","ocean_menu_social_links_bg":"","ocean_menu_social_hover_links_bg":"","ocean_menu_social_links_color":"","ocean_menu_social_hover_links_color":"","ocean_disable_title":"default","ocean_disable_heading":"default","ocean_post_title":"","ocean_post_subheading":"","ocean_post_title_style":"","ocean_post_title_background_color":"","ocean_post_title_background":0,"ocean_post_title_bg_image_position":"","ocean_post_title_bg_image_attachment":"","ocean_post_title_bg_image_repeat":"","ocean_post_title_bg_image_size":"","ocean_post_title_height":0,"ocean_post_title_bg_overlay":0.5,"ocean_post_title_bg_overlay_color":"","ocean_disable_breadcrumbs":"default","ocean_breadcrumbs_color":"","ocean_breadcrumbs_separator_color":"","ocean_breadcrumbs_links_color":"","ocean_breadcrumbs_links_hover_color":"","ocean_display_footer_widgets":"default","ocean_display_footer_bottom":"default","ocean_custom_footer_template":"","omw_enable_modal_window":"enable","ofc_meta_disable_footer_callout":"","ofc_meta_callout_button_url":"","ofc_meta_callout_button_txt":"","ofc_meta_callout_text":"","ofc_enable_fullscreen":"disable","ofc_fullscreen_speed":0,"ofc_fullscreen_nav":"enable","ofc_fullscreen_nav_pos":"right","ofc_fullscreen_nav_color":"","ofc_fullscreen_nav_tooltip_color":"","ofc_fullscreen_responsive":0,"osp_disable_panel":"default","osh_disable_topbar_sticky":"default","osh_disable_header_sticky":"default","osh_sticky_header_style":"default","osh_sticky_header_effect":"","osh_custom_sticky_logo":0,"osh_custom_retina_sticky_logo":0,"osh_custom_sticky_logo_height":0,"osh_background_color":"","osh_links_color":"","osh_links_hover_color":"","osh_links_active_color":"","osh_links_bg_color":"","osh_links_hover_bg_color":"","osh_links_active_bg_color":"","osh_menu_social_links_color":"","osh_menu_social_hover_links_color":"","footnotes":""},"class_list":["post-9","page","type-page","status-publish","has-post-thumbnail","hentry","entry","has-media"],"aioseo_notices":[],"_links":{"self":[{"href":"https:\/\/katstudio.eu\/index.php?rest_route=\/wp\/v2\/pages\/9","targetHints":{"allow":["GET"]}}],"collection":[{"href":"https:\/\/katstudio.eu\/index.php?rest_route=\/wp\/v2\/pages"}],"about":[{"href":"https:\/\/katstudio.eu\/index.php?rest_route=\/wp\/v2\/types\/page"}],"author":[{"embeddable":true,"href":"https:\/\/katstudio.eu\/index.php?rest_route=\/wp\/v2\/users\/1"}],"replies":[{"embeddable":true,"href":"https:\/\/katstudio.eu\/index.php?rest_route=%2Fwp%2Fv2%2Fcomments&post=9"}],"version-history":[{"count":14,"href":"https:\/\/katstudio.eu\/index.php?rest_route=\/wp\/v2\/pages\/9\/revisions"}],"predecessor-version":[{"id":3414,"href":"https:\/\/katstudio.eu\/index.php?rest_route=\/wp\/v2\/pages\/9\/revisions\/3414"}],"wp:featuredmedia":[{"embeddable":true,"href":"https:\/\/katstudio.eu\/index.php?rest_route=\/wp\/v2\/media\/594"}],"wp:attachment":[{"href":"https:\/\/katstudio.eu\/index.php?rest_route=%2Fwp%2Fv2%2Fmedia&parent=9"}],"curies":[{"name":"wp","href":"https:\/\/api.w.org\/{rel}","templated":true}]}}